{"id":255,"date":"2019-12-08T13:58:32","date_gmt":"2019-12-08T13:58:32","guid":{"rendered":"http:\/\/agneswieser.de\/?page_id=255"},"modified":"2026-03-02T22:32:12","modified_gmt":"2026-03-02T22:32:12","slug":"kunst-kaufen","status":"publish","type":"page","link":"https:\/\/agneswieser.de\/?page_id=255","title":{"rendered":"Meine Angebote"},"content":{"rendered":"\n<p>Meine Angebote als freischaffende K\u00fcnstlerin.<\/p>\n\n\n\n<div class=\"wp-block-media-text alignwide is-image-fill has-white-color has-text-color has-background\" style=\"background-color:#7e898b\"><figure class=\"wp-block-media-text__media\" style=\"background-image:url(https:\/\/agneswieser.de\/wp-content\/uploads\/2019\/06\/20190207_214412-575x1024.jpg);background-position:7.000000000000001% 44%\"><img loading=\"lazy\" width=\"575\" height=\"1024\" src=\"https:\/\/agneswieser.de\/wp-content\/uploads\/2019\/06\/20190207_214412-575x1024.jpg\" alt=\"\" class=\"wp-image-201 size-full\" srcset=\"https:\/\/agneswieser.de\/wp-content\/uploads\/2019\/06\/20190207_214412-575x1024.jpg 575w, https:\/\/agneswieser.de\/wp-content\/uploads\/2019\/06\/20190207_214412-169x300.jpg 169w, https:\/\/agneswieser.de\/wp-content\/uploads\/2019\/06\/20190207_214412.jpg 746w\" sizes=\"(max-width: 575px) 100vw, 575px\" \/><\/figure><div class=\"wp-block-media-text__content\">\n<p class=\"has-normal-font-size\">Was w\u00e4re die Welt ohne Kunst?<br><br>In einer Zeit in der fast alles reproduziert werden kann, stellt die Kunst die letzte M\u00f6glichkeit dar, etwas Einzigartiges und Originales zu besitzen. <br><br>Lassen Sie sich davon begeistern, faszinieren, inspirieren und Ihre Gedanken neue Wege beschreiten.  <\/p>\n<\/div><\/div>\n\n\n\n<p><\/p>\n\n\n\n<div class=\"wp-block-media-text alignwide has-media-on-the-right is-image-fill has-background\" style=\"background-color:#7e898b\"><figure class=\"wp-block-media-text__media\" style=\"background-image:url(https:\/\/agneswieser.de\/wp-content\/uploads\/2025\/01\/20241025_135643-731x1024.jpg);background-position:50% 50%\"><img loading=\"lazy\" width=\"731\" height=\"1024\" src=\"https:\/\/agneswieser.de\/wp-content\/uploads\/2025\/01\/20241025_135643-731x1024.jpg\" alt=\"\" class=\"wp-image-1402 size-full\" srcset=\"https:\/\/agneswieser.de\/wp-content\/uploads\/2025\/01\/20241025_135643-731x1024.jpg 731w, https:\/\/agneswieser.de\/wp-content\/uploads\/2025\/01\/20241025_135643-214x300.jpg 214w, https:\/\/agneswieser.de\/wp-content\/uploads\/2025\/01\/20241025_135643-768x1076.jpg 768w, https:\/\/agneswieser.de\/wp-content\/uploads\/2025\/01\/20241025_135643-1096x1536.jpg 1096w, https:\/\/agneswieser.de\/wp-content\/uploads\/2025\/01\/20241025_135643-1462x2048.jpg 1462w, https:\/\/agneswieser.de\/wp-content\/uploads\/2025\/01\/20241025_135643.jpg 1645w\" sizes=\"(max-width: 731px) 100vw, 731px\" \/><\/figure><div class=\"wp-block-media-text__content\">\n<p style=\"font-size:30px\">Kunst kaufen<\/p>\n\n\n\n<p>Sie haben eines meiner Werke in einer Galerie, Ausstellung, auf instagram oder facebook entdeckt und wollen es f\u00fcr sich? <br><br>Dann scheuen Sie sich nicht und nehmen Sie gerne Kontakt zum Galeristen oder direkt mit mir auf. Ich informiere Sie gerne \u00fcber die Verf\u00fcgbarkeit, Preise und sonstige Details. <br><\/p>\n<\/div><\/div>\n\n\n\n<div class=\"wp-block-media-text alignwide has-media-on-the-right is-image-fill has-background\" style=\"background-color:#7e898b\"><figure class=\"wp-block-media-text__media\" style=\"background-image:url(https:\/\/agneswieser.de\/wp-content\/uploads\/2021\/12\/20210206_122838-1024x1024.jpg);background-position:50% 50%\"><img loading=\"lazy\" width=\"1024\" height=\"1024\" src=\"https:\/\/agneswieser.de\/wp-content\/uploads\/2021\/12\/20210206_122838-1024x1024.jpg\" alt=\"\" class=\"wp-image-925 size-full\" srcset=\"https:\/\/agneswieser.de\/wp-content\/uploads\/2021\/12\/20210206_122838-1024x1024.jpg 1024w, https:\/\/agneswieser.de\/wp-content\/uploads\/2021\/12\/20210206_122838-300x300.jpg 300w, https:\/\/agneswieser.de\/wp-content\/uploads\/2021\/12\/20210206_122838-150x150.jpg 150w, https:\/\/agneswieser.de\/wp-content\/uploads\/2021\/12\/20210206_122838-768x768.jpg 768w, https:\/\/agneswieser.de\/wp-content\/uploads\/2021\/12\/20210206_122838-1536x1536.jpg 1536w, https:\/\/agneswieser.de\/wp-content\/uploads\/2021\/12\/20210206_122838-2048x2048.jpg 2048w, https:\/\/agneswieser.de\/wp-content\/uploads\/2021\/12\/20210206_122838-100x100.jpg 100w\" sizes=\"(max-width: 767px) 89vw, (max-width: 1000px) 54vw, (max-width: 1071px) 543px, 580px\" \/><\/figure><div class=\"wp-block-media-text__content\">\n<p style=\"font-size:29px\">Auftrags-<br>Malerei<\/p>\n\n\n\n<p>Sie wollen ein Portrait von sich oder einem geliebten Menschen? <br>Sie m\u00f6chten Ihre Wohnung, Praxis oder Ihr B\u00fcro endlich mit einem neuen Bild oder einem Wandgem\u00e4lde schm\u00fccken? <br><br>Dann sind Sie bei mir richtig. Gestalten Sie Ihre R\u00e4ume neu. Gerne berate ich Sie und fertige ein Werk nach Ihren Bed\u00fcrfnissen und ganz individuell an. <\/p>\n<\/div><\/div>\n\n\n\n<div class=\"wp-block-media-text alignwide has-media-on-the-right is-image-fill has-background\" style=\"background-color:#7e898b\"><figure class=\"wp-block-media-text__media\" style=\"background-image:url(https:\/\/agneswieser.de\/wp-content\/uploads\/2019\/12\/20191212_105018-1024x1014.png);background-position:50% 50%\"><img loading=\"lazy\" width=\"1024\" height=\"1014\" src=\"https:\/\/agneswieser.de\/wp-content\/uploads\/2019\/12\/20191212_105018-1024x1014.png\" alt=\"Gemeinschaftswerk mit dem Schreinermeister Florian Stocker - Bild aus Zirbenholz - zu sehen in der Therme Bad Aibling\" class=\"wp-image-282 size-full\" srcset=\"https:\/\/agneswieser.de\/wp-content\/uploads\/2019\/12\/20191212_105018-1024x1014.png 1024w, https:\/\/agneswieser.de\/wp-content\/uploads\/2019\/12\/20191212_105018-300x297.png 300w, https:\/\/agneswieser.de\/wp-content\/uploads\/2019\/12\/20191212_105018-150x150.png 150w, https:\/\/agneswieser.de\/wp-content\/uploads\/2019\/12\/20191212_105018-768x760.png 768w, https:\/\/agneswieser.de\/wp-content\/uploads\/2019\/12\/20191212_105018-100x100.png 100w, https:\/\/agneswieser.de\/wp-content\/uploads\/2019\/12\/20191212_105018.png 1080w\" sizes=\"(max-width: 767px) 89vw, (max-width: 1000px) 54vw, (max-width: 1071px) 543px, 580px\" \/><\/figure><div class=\"wp-block-media-text__content\">\n<p style=\"font-size:30px\">Kunst mieten<\/p>\n\n\n\n<p>Sie haben freie Wandfl\u00e4chen, die Sie gerne gestalten w\u00fcrden, scheuen sich aber vor einer dauerhaften L\u00f6sung? <br><br>Ich biete Ihnen an, meine Arbeiten zu g\u00fcnstigen Konditionen zu mieten f\u00fcr die Dauer, die Ihnen entspricht. <\/p>\n\n\n\n<div class=\"wp-block-file\"><\/div>\n<\/div><\/div>\n\n\n\n<div class=\"wp-block-media-text alignwide has-media-on-the-right is-image-fill has-background\" style=\"background-color:#7e898b\"><figure class=\"wp-block-media-text__media\" style=\"background-image:url(https:\/\/agneswieser.de\/wp-content\/uploads\/2023\/07\/20230630_154304-768x1024.jpg);background-position:50% 50%\"><img loading=\"lazy\" width=\"768\" height=\"1024\" src=\"https:\/\/agneswieser.de\/wp-content\/uploads\/2023\/07\/20230630_154304-768x1024.jpg\" alt=\"\" class=\"wp-image-1243 size-full\" srcset=\"https:\/\/agneswieser.de\/wp-content\/uploads\/2023\/07\/20230630_154304-768x1024.jpg 768w, https:\/\/agneswieser.de\/wp-content\/uploads\/2023\/07\/20230630_154304-225x300.jpg 225w, https:\/\/agneswieser.de\/wp-content\/uploads\/2023\/07\/20230630_154304-1152x1536.jpg 1152w, https:\/\/agneswieser.de\/wp-content\/uploads\/2023\/07\/20230630_154304-1536x2048.jpg 1536w, https:\/\/agneswieser.de\/wp-content\/uploads\/2023\/07\/20230630_154304-scaled.jpg 1920w\" sizes=\"(max-width: 767px) 89vw, (max-width: 1000px) 54vw, (max-width: 1071px) 543px, 580px\" \/><\/figure><div class=\"wp-block-media-text__content\">\n<p style=\"font-size:30px\"><a href=\"https:\/\/agneswieser.de\/?page_id=610\" data-type=\"page\" data-id=\"610\">Kunst-<br>Projekte<\/a><\/p>\n\n\n\n<p>Sie wollen allein oder mit einer Gruppe ein Kunstprojekt starten und Ihnen fehlt eine professionelle k\u00fcnstlerische Begleitung?<br><br>Gerne berate und begleite ich Sie und mache Ihr Projekt zu einem einzigartigen Erlebnis. <\/p>\n<\/div><\/div>\n\n\n\n<div class=\"wp-block-media-text alignwide has-media-on-the-right is-image-fill has-background\" style=\"background-color:#7e898b\"><figure class=\"wp-block-media-text__media\" style=\"background-image:url(https:\/\/agneswieser.de\/wp-content\/uploads\/2021\/12\/20211217_132518-828x1024.jpg);background-position:50% 50%\"><img loading=\"lazy\" width=\"828\" height=\"1024\" src=\"https:\/\/agneswieser.de\/wp-content\/uploads\/2021\/12\/20211217_132518-828x1024.jpg\" alt=\"\" class=\"wp-image-873 size-full\" srcset=\"https:\/\/agneswieser.de\/wp-content\/uploads\/2021\/12\/20211217_132518-828x1024.jpg 828w, https:\/\/agneswieser.de\/wp-content\/uploads\/2021\/12\/20211217_132518-243x300.jpg 243w, https:\/\/agneswieser.de\/wp-content\/uploads\/2021\/12\/20211217_132518-768x950.jpg 768w, https:\/\/agneswieser.de\/wp-content\/uploads\/2021\/12\/20211217_132518-1242x1536.jpg 1242w, https:\/\/agneswieser.de\/wp-content\/uploads\/2021\/12\/20211217_132518-1656x2048.jpg 1656w\" sizes=\"(max-width: 767px) 89vw, (max-width: 1000px) 54vw, (max-width: 1071px) 543px, 580px\" \/><\/figure><div class=\"wp-block-media-text__content\">\n<p style=\"font-size:30px\"><a href=\"https:\/\/agneswieser.de\/?page_id=877\" data-type=\"page\" data-id=\"877\">Malkurse im Atelier<\/a><\/p>\n\n\n\n<p>Sie haben Lust, selbst kreativ zu werden? Ich biete verschiedene Malkurse an und lade Sie herzlich ein, daran teilzunehmen. <\/p>\n\n\n\n<p>Gerne stelle ich auch Gutscheine f\u00fcr Malkurse als Geschenk aus. <\/p>\n<\/div><\/div>\n\n\n\n<p><br><br>Mein Kanal auf YouTube:<\/p>\n\n\n\n<p><a href=\"https:\/\/youtube.com\/@agneswieser?si=4f4k0CWG5fXP0EuP\">https:\/\/youtube.com\/@agneswieser?si=4f4k0CWG5fXP0EuP<\/a><\/p>\n\n\n\n<p><br><\/p>\n\n\n\n<p class=\"has-white-color has-text-color\">Ich freue mich, wenn ich Ihnen mit meiner Kunst Freude bereite und bringe gerne etwas mehr Farbe in Ihr Leben.  <\/p>\n","protected":false},"excerpt":{"rendered":"<p>Meine Angebote als freischaffende K\u00fcnstlerin. Was w\u00e4re die Welt ohne Kunst? In einer Zeit in der fast alles reproduziert werden kann, stellt die Kunst die letzte M\u00f6glichkeit dar, etwas Einzigartiges und Originales zu besitzen. Lassen Sie sich davon begeistern, faszinieren, inspirieren und Ihre Gedanken neue Wege beschreiten. Kunst kaufen Sie haben eines meiner Werke in &hellip; <\/p>\n<p class=\"link-more\"><a href=\"https:\/\/agneswieser.de\/?page_id=255\" class=\"more-link\"><span class=\"screen-reader-text\">\u201eMeine Angebote\u201c<\/span> weiterlesen<\/a><\/p>\n","protected":false},"author":1,"featured_media":0,"parent":0,"menu_order":0,"comment_status":"closed","ping_status":"closed","template":"","meta":[],"_links":{"self":[{"href":"https:\/\/agneswieser.de\/index.php?rest_route=\/wp\/v2\/pages\/255"}],"collection":[{"href":"https:\/\/agneswieser.de\/index.php?rest_route=\/wp\/v2\/pages"}],"about":[{"href":"https:\/\/agneswieser.de\/index.php?rest_route=\/wp\/v2\/types\/page"}],"author":[{"embeddable":true,"href":"https:\/\/agneswieser.de\/index.php?rest_route=\/wp\/v2\/users\/1"}],"replies":[{"embeddable":true,"href":"https:\/\/agneswieser.de\/index.php?rest_route=%2Fwp%2Fv2%2Fcomments&post=255"}],"version-history":[{"count":76,"href":"https:\/\/agneswieser.de\/index.php?rest_route=\/wp\/v2\/pages\/255\/revisions"}],"predecessor-version":[{"id":1571,"href":"https:\/\/agneswieser.de\/index.php?rest_route=\/wp\/v2\/pages\/255\/revisions\/1571"}],"wp:attachment":[{"href":"https:\/\/agneswieser.de\/index.php?rest_route=%2Fwp%2Fv2%2Fmedia&parent=255"}],"curies":[{"name":"wp","href":"https:\/\/api.w.org\/{rel}","templated":true}]}}