{"id":28,"date":"2018-10-03T19:36:40","date_gmt":"2018-10-03T19:36:40","guid":{"rendered":"http:\/\/agneswieser.de\/?page_id=28"},"modified":"2026-04-21T15:11:37","modified_gmt":"2026-04-21T15:11:37","slug":"vita","status":"publish","type":"page","link":"https:\/\/agneswieser.de\/?page_id=28","title":{"rendered":"Vita &#038; Ausstellungen"},"content":{"rendered":"\n<p class=\"has-text-align-center\"><strong>Aktuelles<\/strong><\/p>\n\n\n\n<p class=\"has-text-align-center\">2026<\/p>\n\n\n\n<p class=\"has-text-align-center has-white-color has-text-color has-background\" style=\"background-color:#fb3fc2\">Einzelausstellung <br><em>&#8222;KOMM MIR NAH&#8220;<\/em><br>EM Chiemgau<br>H\u00f6geringer Str. 25<br>83071 Stephanskirchen<br>***<br><strong>Vernissage: 15.05.2026 um 17 Uhr<\/strong><br>***<br>Ausstellungsdauer:<br><strong>16. Mai &#8211; 31. Juli 2026<\/strong><br>\u00d6ffnungszeiten: <br>MO-FR 9-18 Uhr, SA 9-12 Uhr<br>***<br>Ausstellungsf\u00fchrung mit der K\u00fcnstlerin am SA 20. Juni um 10 Uhr<br>(ohne Anmeldung, kostenfrei)<\/p>\n\n\n\n<p class=\"has-text-align-center has-pale-pink-background-color has-background\">Ausstellung<br>vhs Tegernsee<br>Max-Josef-Str.&nbsp;13, 83684&nbsp;Tegernsee<br>04.02.-04.05.2026<br>\u00d6ffnungszeiten: Mo-Do 9-12 Uhr, Di 16-18 Uhr<\/p>\n\n\n\n<p class=\"has-text-align-center has-luminous-vivid-amber-background-color has-text-color has-background\" style=\"color:#c900c5\"><strong>Gruppenausstellung &#8222;ANSICHTSSACHE&#8220;<br>Was glaubst du (zu wissen) &#8211; und wie sicher bist du dir dabei?<br>***<br>Kleinh\u00f6henkirchen<br>September 2026<br>***<br>&#8230;Infos folgen<\/strong><\/p>\n\n\n\n<p class=\"has-text-align-center has-background\" style=\"background-color:#fb33ff\">Sonderausstellung K\u00f6nig Ludwig II<br>Museum Obere Saline<br>Bad Kissingen<br>28.10.2025 &#8211; 30.08.2026<\/p>\n\n\n\n<p class=\"has-text-align-center\">2027<\/p>\n\n\n\n<p class=\"has-text-align-center has-black-color has-luminous-vivid-orange-background-color has-text-color has-background\">Gemeinschaftsausstellung <br>Werner H\u00e4rtl &amp; Agnes Wieser<br>Orangerie M\u00fcnchen<br>16. &#8211; 23. M\u00e4rz 2027<br>&#8230;Infos folgen<\/p>\n\n\n\n<p class=\"has-text-align-center has-black-color has-text-color has-background\" style=\"background-color:#db8f58\"> Gemeinschaftsausstellung <br>Werner H\u00e4rtl &amp; Agnes Wieser<br>Galerie Oberstdorf<br>September 2027<br>&#8230;Infos folgen<\/p>\n\n\n\n<hr class=\"wp-block-separator\"\/>\n\n\n\n<p class=\"has-text-align-center\"><strong>Zahlreiche Ausstellungen im In- und Ausland<br>&#8230;M\u00fcnchen, Homburg, Rom<\/strong><\/p>\n\n\n\n<h1>Ausstellungen<\/h1>\n\n\n\n<p>(Auswahl)<\/p>\n\n\n\n<figure class=\"wp-block-table\"><table><tbody><tr><td>2025<\/td><td>Ausstellung \u201eEntropie \u2013 im sch\u00f6pferischen Fluss\u201c, Kulturzentrum Trudering, M\u00fcnchen<\/td><\/tr><tr><td>2023\/2024<\/td><td>Sonderausstellung \u201eKaiserlich &amp; inkognito: Sisi in Bad Kissingen\u201c, Museum Obere Saline in Bad Kissingen<\/td><\/tr><tr><td>2023<\/td><td>Einzelausstellung im Gr\u00fcnen Zentrum in Holzkirchen<\/td><\/tr><tr><td>2022<\/td><td>Gruppenausstellung in der Regierung von Oberbayern in M\u00fcnchen<\/td><\/tr><tr><td>2022<\/td><td>Ausstellung \u201eParallele Realit\u00e4t\u201c, galerie m beck in Homburg<\/td><\/tr><tr><td>2021<\/td><td>Offenes Atelier, Atelier Jakob Lang, Oberteisendorf<\/td><\/tr><tr><td>2021<\/td><td>Gruppenausstellung \u201eWas ihr wollt\u201c, galerie m beck in Homburg<\/td><\/tr><tr><td>2021<\/td><td>67. Kunstausstellung Bayrischzell, Gruppenausstellung<\/td><\/tr><tr><td>2021<\/td><td>Priener Kunst Zeit 2021, Gruppenausstellung<\/td><\/tr><tr><td>2020<\/td><td>Einzelausstellung \u201eBUNT\u201c im Kultur im Oberbr\u00e4u in Holzkirchen<\/td><\/tr><tr><td>2019<\/td><td>Rospigliosi Art Prize \u201cinvisible visible\u201d, Palazzo Rospiliosi, Rom, ITALIEN<\/td><\/tr><tr><td>2019<\/td><td>Gruppenausstellung in der Ateliergalerie Facette in Augsburg<br><a href=\"http:\/\/www.ateliergalerie-facette.de\">www.ateliergalerie-facette.de<\/a><\/td><\/tr><tr><td>2018<\/td><td>ARTMUC M\u00fcnchen, Messestand und Ver\u00f6ffentlichung im Kunstmagazin <em>Internationale Kunst Heute<\/em><\/td><\/tr><tr><td>2018<\/td><td>International Festival Human &amp; Environment, Art Exhibition, Dezful cultural office, Khuzestan, IRAN<\/td><\/tr><\/tbody><\/table><\/figure>\n\n\n\n<h1>Werdegang<br><\/h1>\n\n\n\n<figure class=\"wp-block-table\"><table class=\"has-background\" style=\"background-color:#ad4eff\"><tbody><tr><td>Seit 2022<\/td><td><strong>Hauptberuflich <\/strong>als K\u00fcnstlerin selbstst\u00e4ndig<\/td><\/tr><tr><td>2016-2017<\/td><td><strong>Studium<\/strong> \u201eMalerei und Zeichnung\u201c bei Prof. Markus L\u00fcpertz an der <em>AdbK Kolbermoor<\/em><\/td><\/tr><tr><td>2017<\/td><td>Kurs \u201eSpontanrealismus\u201c bei VOKA an der <em>AdbK Kolbermoor<\/em><\/td><\/tr><tr><td>2016<\/td><td>Kurs \u201eExperimentelle fig\u00fcrliche Zeichnung\u201c bei Heiko J\u00e4ckstein an der <em>AdbK Kolbermoor<\/em><\/td><\/tr><tr><td>2010-2011<\/td><td>Kunstunterricht und Mittagsbetreuung an der Grundschule Aying<\/td><\/tr><tr><td>2010<\/td><td>Fachgebundene Hochschulreife an der Rainer-Werner-Fassbinder-Fachoberschule f\u00fcr Gestaltung, M\u00fcnchen<\/td><\/tr><tr><td>2007-2008<\/td><td>Praktikum bei dem Kirchenmaler und Restaurator J. R. Pfalzgraf, Valley<\/td><\/tr><tr><td>1990<\/td><td>Geboren in Bad Aibling<\/td><\/tr><\/tbody><\/table><\/figure>\n\n\n\n<figure class=\"wp-block-image size-large\"><img loading=\"lazy\" width=\"772\" height=\"772\" src=\"https:\/\/agneswieser.de\/wp-content\/uploads\/2021\/09\/20210909_120040.jpg\" alt=\"\" class=\"wp-image-779\" srcset=\"https:\/\/agneswieser.de\/wp-content\/uploads\/2021\/09\/20210909_120040.jpg 772w, https:\/\/agneswieser.de\/wp-content\/uploads\/2021\/09\/20210909_120040-300x300.jpg 300w, https:\/\/agneswieser.de\/wp-content\/uploads\/2021\/09\/20210909_120040-150x150.jpg 150w, https:\/\/agneswieser.de\/wp-content\/uploads\/2021\/09\/20210909_120040-768x768.jpg 768w, https:\/\/agneswieser.de\/wp-content\/uploads\/2021\/09\/20210909_120040-100x100.jpg 100w\" sizes=\"(max-width: 767px) 89vw, (max-width: 1000px) 54vw, (max-width: 1071px) 543px, 580px\" \/><\/figure>\n","protected":false},"excerpt":{"rendered":"<p>Aktuelles 2026 Einzelausstellung &#8222;KOMM MIR NAH&#8220;EM ChiemgauH\u00f6geringer Str. 2583071 Stephanskirchen***Vernissage: 15.05.2026 um 17 Uhr***Ausstellungsdauer:16. Mai &#8211; 31. Juli 2026\u00d6ffnungszeiten: MO-FR 9-18 Uhr, SA 9-12 Uhr***Ausstellungsf\u00fchrung mit der K\u00fcnstlerin am SA 20. Juni um 10 Uhr(ohne Anmeldung, kostenfrei) Ausstellungvhs TegernseeMax-Josef-Str.&nbsp;13, 83684&nbsp;Tegernsee04.02.-04.05.2026\u00d6ffnungszeiten: Mo-Do 9-12 Uhr, Di 16-18 Uhr Gruppenausstellung &#8222;ANSICHTSSACHE&#8220;Was glaubst du (zu wissen) &#8211; und wie &hellip; <\/p>\n<p class=\"link-more\"><a href=\"https:\/\/agneswieser.de\/?page_id=28\" class=\"more-link\"><span class=\"screen-reader-text\">\u201eVita &#038; Ausstellungen\u201c<\/span> weiterlesen<\/a><\/p>\n","protected":false},"author":1,"featured_media":0,"parent":0,"menu_order":0,"comment_status":"closed","ping_status":"closed","template":"","meta":[],"_links":{"self":[{"href":"https:\/\/agneswieser.de\/index.php?rest_route=\/wp\/v2\/pages\/28"}],"collection":[{"href":"https:\/\/agneswieser.de\/index.php?rest_route=\/wp\/v2\/pages"}],"about":[{"href":"https:\/\/agneswieser.de\/index.php?rest_route=\/wp\/v2\/types\/page"}],"author":[{"embeddable":true,"href":"https:\/\/agneswieser.de\/index.php?rest_route=\/wp\/v2\/users\/1"}],"replies":[{"embeddable":true,"href":"https:\/\/agneswieser.de\/index.php?rest_route=%2Fwp%2Fv2%2Fcomments&post=28"}],"version-history":[{"count":232,"href":"https:\/\/agneswieser.de\/index.php?rest_route=\/wp\/v2\/pages\/28\/revisions"}],"predecessor-version":[{"id":1592,"href":"https:\/\/agneswieser.de\/index.php?rest_route=\/wp\/v2\/pages\/28\/revisions\/1592"}],"wp:attachment":[{"href":"https:\/\/agneswieser.de\/index.php?rest_route=%2Fwp%2Fv2%2Fmedia&parent=28"}],"curies":[{"name":"wp","href":"https:\/\/api.w.org\/{rel}","templated":true}]}}