{"id":33,"date":"2017-10-24T15:53:25","date_gmt":"2017-10-24T15:53:25","guid":{"rendered":"http:\/\/agneswieser.de\/?page_id=33"},"modified":"2025-07-09T10:53:41","modified_gmt":"2025-07-09T10:53:41","slug":"impressum","status":"publish","type":"page","link":"https:\/\/agneswieser.de\/?page_id=33","title":{"rendered":"Impressum"},"content":{"rendered":"<p><strong>Impressum<\/strong><\/p>\n<p><strong>Angaben gem\u00e4\u00df \u00a7 5 TMG:<\/strong><br \/>\nAgnes Wieser<br \/>\nK\u00fcnstlerin<br \/>\nGruber Str. 6<br \/>\n83629 Weyarn<\/p>\n<p><strong>Kontakt:<\/strong><br \/>\nTelefon: +49 (0) 176 61926082<br \/>\nE-Mail: info@agneswieser.de<\/p>\n<p><strong>Umsatzsteuer:<\/strong><br \/>\nUSt. wird nicht ausgewiesen (Kleinunternehmerregelung)<\/p>\n<p class=\"font_8\">Haftungsausschluss:<br \/>\nDie Angaben dieser Website wurden sorgf\u00e4ltig \u00fcberpr\u00fcft. F\u00fcr die\u00a0Inhalte von hier aus\u00a0verlinkter fremder Websites wird jede Haftung ausgeschlossen.<\/p>\n<p class=\"font_8\">Rechtlicher Hinweis:<br \/>\nInhalt und Struktur dieser Website sind urheberrechtlich gesch\u00fctzt. Die Vervielf\u00e4ltigung von Informationen, Daten und Bildern bed\u00fcrfen der Genehmigung durch den Betreiber.<\/p>\n<p>Plattform der EU-Kommission zur Online-Streitbeilegung:\u00a0<a href=\"https:\/\/ec.europa.eu\/odr\" target=\"_blank\" rel=\"noopener\">https:\/\/ec.europa.eu\/odr<\/a><\/p>\n<p>Wir sind zur Teilnahme an einem Streitbeilegungsverfahren vor einer Verbraucherschlichtungsstelle weder verpflichtet noch bereit.<\/p>\n<p class=\"font_8\">\u00a9 copyright Agnes Wieser 2018<\/p>\n<p>Quelle: IT-Recht Kanzlei, eRecht24<\/p>\n","protected":false},"excerpt":{"rendered":"<p>Impressum Angaben gem\u00e4\u00df \u00a7 5 TMG: Agnes Wieser K\u00fcnstlerin Gruber Str. 6 83629 Weyarn Kontakt: Telefon: +49 (0) 176 61926082 E-Mail: info@agneswieser.de Umsatzsteuer: USt. wird nicht ausgewiesen (Kleinunternehmerregelung) Haftungsausschluss: Die Angaben dieser Website wurden sorgf\u00e4ltig \u00fcberpr\u00fcft. F\u00fcr die\u00a0Inhalte von hier aus\u00a0verlinkter fremder Websites wird jede Haftung ausgeschlossen. Rechtlicher Hinweis: Inhalt und Struktur dieser Website sind &hellip; <\/p>\n<p class=\"link-more\"><a href=\"https:\/\/agneswieser.de\/?page_id=33\" class=\"more-link\"><span class=\"screen-reader-text\">\u201eImpressum\u201c<\/span> weiterlesen<\/a><\/p>\n","protected":false},"author":1,"featured_media":0,"parent":0,"menu_order":0,"comment_status":"closed","ping_status":"closed","template":"","meta":[],"_links":{"self":[{"href":"https:\/\/agneswieser.de\/index.php?rest_route=\/wp\/v2\/pages\/33"}],"collection":[{"href":"https:\/\/agneswieser.de\/index.php?rest_route=\/wp\/v2\/pages"}],"about":[{"href":"https:\/\/agneswieser.de\/index.php?rest_route=\/wp\/v2\/types\/page"}],"author":[{"embeddable":true,"href":"https:\/\/agneswieser.de\/index.php?rest_route=\/wp\/v2\/users\/1"}],"replies":[{"embeddable":true,"href":"https:\/\/agneswieser.de\/index.php?rest_route=%2Fwp%2Fv2%2Fcomments&post=33"}],"version-history":[{"count":7,"href":"https:\/\/agneswieser.de\/index.php?rest_route=\/wp\/v2\/pages\/33\/revisions"}],"predecessor-version":[{"id":1447,"href":"https:\/\/agneswieser.de\/index.php?rest_route=\/wp\/v2\/pages\/33\/revisions\/1447"}],"wp:attachment":[{"href":"https:\/\/agneswieser.de\/index.php?rest_route=%2Fwp%2Fv2%2Fmedia&parent=33"}],"curies":[{"name":"wp","href":"https:\/\/api.w.org\/{rel}","templated":true}]}}